{"id":17,"date":"2013-04-29T22:05:04","date_gmt":"2013-04-29T19:05:04","guid":{"rendered":"http:\/\/www.zlatnainfo.ro\/evaluator-alba.ro\/?page_id=17"},"modified":"2013-05-24T16:46:07","modified_gmt":"2013-05-24T13:46:07","slug":"documente-necesare","status":"publish","type":"page","link":"https:\/\/www.evaluator-alba.ro\/?page_id=17","title":{"rendered":"Documente necesare"},"content":{"rendered":"<p><a href=\"http:\/\/www.evaluator-alba.ro\/wp-content\/uploads\/2013\/05\/carti-crayon.png\"><img loading=\"lazy\" decoding=\"async\" class=\"size-full wp-image-392 alignright\" alt=\"carti crayon\" src=\"http:\/\/www.evaluator-alba.ro\/wp-content\/uploads\/2013\/05\/carti-crayon.png\" width=\"139\" height=\"105\" srcset=\"https:\/\/www.evaluator-alba.ro\/wp-content\/uploads\/2013\/05\/carti-crayon.png 304w, https:\/\/www.evaluator-alba.ro\/wp-content\/uploads\/2013\/05\/carti-crayon-300x228.png 300w\" sizes=\"(max-width: 139px) 100vw, 139px\" \/><\/a>Setul de documente necesare elaborarii raportului de evaluare include:<br \/>\n<span style=\"text-decoration: underline; color: #cc3300;\"><em>Apartamente<\/em><\/span><br \/>\n&#8211; documentul care atesta dreptul de proprietate asupra bunului evaluat: provenienta contractuala sau legala<br \/>\n&#8211; extrasul de carte funciara<br \/>\n&#8211; documente din care s\u0103 rezulte suprafa\u0163a imobilului, releveu sau schita<br \/>\n&#8211; alte documente specifice (avize, autorizatii, etc.), daca este cazul<br \/>\n<span style=\"text-decoration: underline; color: #cc3300;\"><em>Constructie si teren<\/em><\/span><br \/>\n&#8211; documentul care atesta dreptul de proprietate asupra bunului evaluat:\u00a0provenienta contractuala sau legala<br \/>\n&#8211; extrasul de carte funciara<br \/>\n&#8211; documenta\u0163ia din care s\u0103 rezulte suprafa\u0163a terenului \u015fi suprafe\u0163ele construite\/desf\u0103\u015furate ale propriet\u0103\u0163ii<br \/>\n&#8211; plan de situatie\/amplasament si delimitare a bunului imobil<br \/>\n&#8211; alte documente specifice (avize, autorizatii, etc.), daca este cazul<br \/>\n<span style=\"text-decoration: underline; color: #cc3300;\"><em>Teren liber<\/em><\/span><br \/>\n&#8211; documentul care atesta dreptul de proprietate asupra bunului evaluat:\u00a0provenienta contractuala sau legala<br \/>\n&#8211; extrasul de carte funciara<br \/>\n&#8211; documentatia cadastrala vizata ANCPI<br \/>\n&#8211; certificat de urbanism valid din care s\u0103 reiasa posibilitatile de dezvoltare (POT, CUT, destinatie, restrictii, etc.)<br \/>\n&#8211; plan de situatie\/amplasament si delimitare a bunului imobil<\/p>\n","protected":false},"excerpt":{"rendered":"<p>Setul de documente necesare elaborarii raportului de evaluare include: Apartamente &#8211; documentul care atesta dreptul de proprietate asupra bunului evaluat: provenienta contractuala sau legala &#8211; extrasul de carte funciara &#8211; documente din care s\u0103 rezulte suprafa\u0163a imobilului, releveu sau schita &#8211; alte documente specifice (avize, autorizatii, etc.), daca este cazul Constructie si teren &#8211; documentul [&hellip;]<\/p>\n","protected":false},"author":2,"featured_media":0,"parent":0,"menu_order":0,"comment_status":"open","ping_status":"open","template":"","meta":{"footnotes":""},"_links":{"self":[{"href":"https:\/\/www.evaluator-alba.ro\/index.php?rest_route=\/wp\/v2\/pages\/17"}],"collection":[{"href":"https:\/\/www.evaluator-alba.ro\/index.php?rest_route=\/wp\/v2\/pages"}],"about":[{"href":"https:\/\/www.evaluator-alba.ro\/index.php?rest_route=\/wp\/v2\/types\/page"}],"author":[{"embeddable":true,"href":"https:\/\/www.evaluator-alba.ro\/index.php?rest_route=\/wp\/v2\/users\/2"}],"replies":[{"embeddable":true,"href":"https:\/\/www.evaluator-alba.ro\/index.php?rest_route=%2Fwp%2Fv2%2Fcomments&post=17"}],"version-history":[{"count":12,"href":"https:\/\/www.evaluator-alba.ro\/index.php?rest_route=\/wp\/v2\/pages\/17\/revisions"}],"predecessor-version":[{"id":397,"href":"https:\/\/www.evaluator-alba.ro\/index.php?rest_route=\/wp\/v2\/pages\/17\/revisions\/397"}],"wp:attachment":[{"href":"https:\/\/www.evaluator-alba.ro\/index.php?rest_route=%2Fwp%2Fv2%2Fmedia&parent=17"}],"curies":[{"name":"wp","href":"https:\/\/api.w.org\/{rel}","templated":true}]}}